
{"id":1178,"date":"2018-05-29T16:34:06","date_gmt":"2018-05-29T15:34:06","guid":{"rendered":"http:\/\/joanne.fr\/?page_id=1178\/"},"modified":"2022-02-07T16:05:50","modified_gmt":"2022-02-07T15:05:50","slug":"the-casteja-family","status":"publish","type":"page","link":"https:\/\/joanne.fr\/en\/the-casteja-family\/","title":{"rendered":"The Cast\u00e9ja Family"},"content":{"rendered":"<p class=\"date_value\" style=\"color: #fc2121;\"><strong>1607<\/strong><\/p>\n<p class=\"legende_date\">The family owns Ch\u00e2teau Duhart Milon in Pauillac.<\/p>\n<p class=\"date_value\" style=\"color: #fc2121;\"><strong>1792<\/strong><\/p>\n<p class=\"legende_date\">Pierre Cast\u00e9ja is elected Mayor of Pauillac.<\/p>\n<p class=\"date_value\" style=\"color: #fc2121;\"><strong>1860<\/strong><\/p>\n<p class=\"legende_date\">Pierre Cast\u00e9ja, son, is elected Mayor of Bordeaux.<\/p>\n<p class=\"date_value\" style=\"color: #fc2121;\"><strong>1862<\/strong><\/p>\n<p class=\"legende_date\">Foundation of the Joanne house by Paul Joanne, ancestor of the Cast\u00e9ja family.<\/p>\n<p class=\"date_value\" style=\"color: #fc2121;\"><strong>1895<\/strong><\/p>\n<p class=\"legende_date\">Pierre Eug\u00e8ne Cast\u00e9ja founds the Association Syndicale des Viticulteurs Propri\u00e9taires de la Gironde, ancestor of the CIVB, and becomes its President.<\/p>\n<p class=\"date_value\" style=\"color: #fc2121;\"><strong>1946<\/strong><\/p>\n<p class=\"legende_date\">Pierre Cast\u00e9ja takes over the management of Ch\u00e2teau Doisy-V\u00e9drines.<\/p>\n<p class=\"date_value\" style=\"color: #fc2121;\"><strong>1980<\/strong><\/p>\n<p class=\"legende_date\">Pierre Cast\u00e9ja is elected President of the Conseil des Crus Class\u00e9s de Sauternes.<\/p>\n<p class=\"date_value\" style=\"color: #fc2121;\"><strong>2013<\/strong><\/p>\n<p class=\"legende_date\">Olivier Cast\u00e9ja is elected President of the Conseil des Crus Class\u00e9s de Sauternes.<\/p>\n","protected":false},"excerpt":{"rendered":"<p>1607 The family owns Ch\u00e2teau Duhart Milon in Pauillac. 1792 Pierre Cast\u00e9ja is elected Mayor of Pauillac. 1860 Pierre Cast\u00e9ja, son, is elected Mayor of Bordeaux. 1862 Foundation of the Joanne house by Paul Joanne, ancestor of the Cast\u00e9ja family. 1895 Pierre Eug\u00e8ne Cast\u00e9ja founds the Association Syndicale des Viticulteurs Propri\u00e9taires de la Gironde, ancestor of the CIVB, and becomes its President. 1946 Pierre Cast\u00e9ja takes over the management of Ch\u00e2teau Doisy-V\u00e9drines. 1980 Pierre Cast\u00e9ja is elected President of the Conseil des Crus Class\u00e9s de Sauternes. 2013 Olivier Cast\u00e9ja is elected President of the Conseil des Crus Class\u00e9s de Sauternes.<\/p>\n","protected":false},"author":2,"featured_media":0,"parent":0,"menu_order":1,"comment_status":"closed","ping_status":"closed","template":"templates\/tplt-page.php","meta":{"_acf_changed":false,"footnotes":""},"class_list":["post-1178","page","type-page","status-publish","hentry"],"acf":[],"_links":{"self":[{"href":"https:\/\/joanne.fr\/en\/wp-json\/wp\/v2\/pages\/1178","targetHints":{"allow":["GET"]}}],"collection":[{"href":"https:\/\/joanne.fr\/en\/wp-json\/wp\/v2\/pages"}],"about":[{"href":"https:\/\/joanne.fr\/en\/wp-json\/wp\/v2\/types\/page"}],"author":[{"embeddable":true,"href":"https:\/\/joanne.fr\/en\/wp-json\/wp\/v2\/users\/2"}],"replies":[{"embeddable":true,"href":"https:\/\/joanne.fr\/en\/wp-json\/wp\/v2\/comments?post=1178"}],"version-history":[{"count":11,"href":"https:\/\/joanne.fr\/en\/wp-json\/wp\/v2\/pages\/1178\/revisions"}],"predecessor-version":[{"id":2374,"href":"https:\/\/joanne.fr\/en\/wp-json\/wp\/v2\/pages\/1178\/revisions\/2374"}],"wp:attachment":[{"href":"https:\/\/joanne.fr\/en\/wp-json\/wp\/v2\/media?parent=1178"}],"curies":[{"name":"wp","href":"https:\/\/api.w.org\/{rel}","templated":true}]}}